{"id":367,"date":"2026-03-26T19:40:20","date_gmt":"2026-03-26T19:40:20","guid":{"rendered":"https:\/\/rsolutions.pl\/?page_id=367"},"modified":"2026-03-26T19:40:42","modified_gmt":"2026-03-26T19:40:42","slug":"polityka-prywatnosci","status":"publish","type":"page","link":"https:\/\/rsolutions.pl\/index.php\/polityka-prywatnosci\/","title":{"rendered":"Polityka prywatno\u015bci"},"content":{"rendered":"\n<h2 class=\"wp-block-heading\">1. Informacje og\u00f3lne<\/h2>\n\n\n\n<ol class=\"wp-block-list\"><\/ol>\n\n\n\n<p>Administratorem danych osobowych jest firma RSolutions Remigiusz Knitter<\/p>\n\n\n\n<p>W sprawach zwi\u0105zanych z danymi osobowymi mo\u017cna kontaktowa\u0107 si\u0119 poprzez adres e-mail: biuro@rsolutions.pl<\/p>\n\n\n\n<h2 class=\"wp-block-heading\">2. Zakres zbieranych danych<\/h2>\n\n\n\n<ol start=\"2\" class=\"wp-block-list\"><\/ol>\n\n\n\n<p>Strona mo\u017ce zbiera\u0107 dane takie jak:<\/p>\n\n\n\n<ul class=\"wp-block-list\">\n<li>adres IP,<\/li>\n\n\n\n<li>dane zapisywane w plikach cookie,<\/li>\n\n\n\n<li>dane przekazane dobrowolnie w formularzach kontaktowych.<\/li>\n<\/ul>\n\n\n\n<h2 class=\"wp-block-heading\">3. Cele przetwarzania danych<\/h2>\n\n\n\n<ol class=\"wp-block-list\"><\/ol>\n\n\n\n<p>Dane przetwarzane s\u0105 w celu:<\/p>\n\n\n\n<ul class=\"wp-block-list\">\n<li>zapewnienia prawid\u0142owego dzia\u0142ania strony,<\/li>\n\n\n\n<li>analizy ruchu na stronie,<\/li>\n\n\n\n<li>kontaktu z u\u017cytkownikiem,<\/li>\n\n\n\n<li>prowadzenia dzia\u0142a\u0144 marketingowych (je\u015bli dotyczy).<\/li>\n<\/ul>\n\n\n\n<h2 class=\"wp-block-heading\">4. Pliki cookie<\/h2>\n\n\n\n<ol class=\"wp-block-list\"><\/ol>\n\n\n\n<p>Strona wykorzystuje pliki cookie w celu:<\/p>\n\n\n\n<ul class=\"wp-block-list\">\n<li>utrzymania sesji u\u017cytkownika,<\/li>\n\n\n\n<li>analizy statystyk,<\/li>\n\n\n\n<li>dostosowania tre\u015bci.<\/li>\n<\/ul>\n\n\n\n<p>U\u017cytkownik mo\u017ce zarz\u0105dza\u0107 plikami cookie poprzez ustawienia przegl\u0105darki lub baner zgody.<\/p>\n\n\n\n<h2 class=\"wp-block-heading\">5. Podstawa prawna<\/h2>\n\n\n\n<ol start=\"5\" class=\"wp-block-list\"><\/ol>\n\n\n\n<p>Dane przetwarzane s\u0105 na podstawie:<\/p>\n\n\n\n<ul class=\"wp-block-list\">\n<li>zgody u\u017cytkownika,<\/li>\n\n\n\n<li>uzasadnionego interesu administratora.<\/li>\n<\/ul>\n\n\n\n<h2 class=\"wp-block-heading\">6. Odbiorcy danych<\/h2>\n\n\n\n<ol class=\"wp-block-list\"><\/ol>\n\n\n\n<p>Dane mog\u0105 by\u0107 przekazywane podmiotom takim jak:<\/p>\n\n\n\n<ul class=\"wp-block-list\">\n<li>Google (Google Analytics),<\/li>\n\n\n\n<li>dostawcy hostingu.<\/li>\n<\/ul>\n\n\n\n<h2 class=\"wp-block-heading\">7. Prawa u\u017cytkownika<\/h2>\n\n\n\n<ol class=\"wp-block-list\"><\/ol>\n\n\n\n<p>U\u017cytkownik ma prawo do:<\/p>\n\n\n\n<ul class=\"wp-block-list\">\n<li>dost\u0119pu do danych,<\/li>\n\n\n\n<li>sprostowania,<\/li>\n\n\n\n<li>usuni\u0119cia,<\/li>\n\n\n\n<li>ograniczenia przetwarzania,<\/li>\n\n\n\n<li>wniesienia sprzeciwu.<\/li>\n<\/ul>\n\n\n\n<h2 class=\"wp-block-heading\">8. Okres przechowywania danych<\/h2>\n\n\n\n<ol class=\"wp-block-list\"><\/ol>\n\n\n\n<p>Dane przechowywane s\u0105 przez okres niezb\u0119dny do realizacji celu.<\/p>\n\n\n\n<h2 class=\"wp-block-heading\">9. Zmiany polityki<\/h2>\n\n\n\n<ol start=\"9\" class=\"wp-block-list\"><\/ol>\n\n\n\n<p>Polityka prywatno\u015bci mo\u017ce by\u0107 aktualizowana.<\/p>\n","protected":false},"excerpt":{"rendered":"<p>1. Informacje og\u00f3lne Administratorem danych osobowych jest firma RSolutions Remigiusz Knitter W sprawach zwi\u0105zanych z danymi osobowymi mo\u017cna kontaktowa\u0107 si\u0119 poprzez adres e-mail: biuro@rsolutions.pl 2. Zakres zbieranych danych Strona mo\u017ce zbiera\u0107 dane takie jak: 3. Cele przetwarzania danych Dane przetwarzane s\u0105 w celu: 4. Pliki cookie Strona wykorzystuje pliki cookie w celu: U\u017cytkownik mo\u017ce zarz\u0105dza\u0107 [&hellip;]<\/p>\n","protected":false},"author":2,"featured_media":0,"parent":0,"menu_order":0,"comment_status":"closed","ping_status":"closed","template":"","meta":{"footnotes":""},"class_list":["post-367","page","type-page","status-publish","hentry"],"blocksy_meta":[],"_links":{"self":[{"href":"https:\/\/rsolutions.pl\/index.php\/wp-json\/wp\/v2\/pages\/367","targetHints":{"allow":["GET"]}}],"collection":[{"href":"https:\/\/rsolutions.pl\/index.php\/wp-json\/wp\/v2\/pages"}],"about":[{"href":"https:\/\/rsolutions.pl\/index.php\/wp-json\/wp\/v2\/types\/page"}],"author":[{"embeddable":true,"href":"https:\/\/rsolutions.pl\/index.php\/wp-json\/wp\/v2\/users\/2"}],"replies":[{"embeddable":true,"href":"https:\/\/rsolutions.pl\/index.php\/wp-json\/wp\/v2\/comments?post=367"}],"version-history":[{"count":2,"href":"https:\/\/rsolutions.pl\/index.php\/wp-json\/wp\/v2\/pages\/367\/revisions"}],"predecessor-version":[{"id":369,"href":"https:\/\/rsolutions.pl\/index.php\/wp-json\/wp\/v2\/pages\/367\/revisions\/369"}],"wp:attachment":[{"href":"https:\/\/rsolutions.pl\/index.php\/wp-json\/wp\/v2\/media?parent=367"}],"curies":[{"name":"wp","href":"https:\/\/api.w.org\/{rel}","templated":true}]}}