{"id":37,"date":"2025-01-08T00:42:28","date_gmt":"2025-01-08T00:42:28","guid":{"rendered":"https:\/\/rsolutions.com.pl\/?page_id=37"},"modified":"2026-04-09T19:15:37","modified_gmt":"2026-04-09T19:15:37","slug":"start","status":"publish","type":"page","link":"https:\/\/rsolutions.pl\/","title":{"rendered":"Start"},"content":{"rendered":"\n<div class=\"wp-block-cover alignfull hero-padding\" style=\"min-height:88vh;aspect-ratio:unset;\"><video class=\"wp-block-cover__video-background intrinsic-ignore\" autoplay muted loop playsinline src=\"https:\/\/rsolutions.pl\/wp-content\/uploads\/2026\/04\/rsol_logo_cad.mp4\" data-object-fit=\"cover\"><\/video><span aria-hidden=\"true\" class=\"wp-block-cover__background has-black-background-color has-background-dim-60 has-background-dim\"><\/span><div class=\"wp-block-cover__inner-container is-layout-flow wp-container-core-cover-is-layout-a77db08e wp-block-cover-is-layout-flow\">\n<div class=\"wp-block-columns is-layout-flex wp-container-core-columns-is-layout-28f84493 wp-block-columns-is-layout-flex\">\n<div class=\"wp-block-column is-layout-flow wp-block-column-is-layout-flow\"><\/div>\n\n\n\n<div class=\"wp-block-column hero-text is-layout-flow wp-block-column-is-layout-flow\" style=\"flex-basis:750px\">\n<p class=\"has-text-align-center hero-desktop-mobile has-palette-color-5-color has-text-color has-link-color wp-elements-e35d8788381c86483957fc836e9cbac8\"><mark style=\"background-color:rgba(0, 0, 0, 0)\" class=\"has-inline-color has-palette-color-2-color\">BIURO PROJEKTOWE<\/mark> <mark style=\"background-color:rgba(0, 0, 0, 0)\" class=\"has-inline-color has-palette-color-2-color\">\u2022 MES \u2022 <\/mark><mark style=\"background-color:rgba(0, 0, 0, 0)\" class=\"has-inline-color has-palette-color-2-color\">AUTOMATYKA<\/mark><\/p>\n\n\n\n<h1 class=\"wp-block-heading has-text-align-center\">Projektowanie konstrukcji<br><span style=\"color:#00C2FF;\">Analiza MES i optymalizacja<\/span><br>Wdro\u017cenia przemys\u0142owe<\/h1>\n\n\n\n<p class=\"has-text-align-center\">Biuro projektowe i wdro\u017ceniowe \u0142\u0105cz\u0105ce analiz\u0119 MES, automatyk\u0119 i realne wdro\u017cenia produkcyjne.<\/p>\n\n\n\n<div class=\"wp-block-buttons hero-buttons is-layout-flex wp-block-buttons-is-layout-flex\">\n<div class=\"wp-block-button has-custom-width wp-block-button__width-50 is-style-fill\"><a class=\"wp-block-button__link has-background wp-element-button\" href=\"https:\/\/rsolutions.pl\/index.php\/kontakt\/\" style=\"background-color:#00c2ff\">Rozpocznij projekt<\/a><\/div>\n\n\n\n<div class=\"wp-block-button has-custom-width wp-block-button__width-50 is-style-outline is-style-outline--1\"><a class=\"wp-block-button__link wp-element-button\" href=\"https:\/\/rsolutions.pl\/index.php\/uslugi\/\">Zobacz ofert\u0119<\/a><\/div>\n<\/div>\n<\/div>\n\n\n\n<div class=\"wp-block-column is-layout-flow wp-block-column-is-layout-flow\"><\/div>\n<\/div>\n<\/div><\/div>\n\n\n\n<div class=\"wp-block-group alignfull section-spacing section-competencies has-background is-layout-constrained wp-block-group-is-layout-constrained\" style=\"background-color:#11161d\">\n<p class=\"section-kicker\">OBSZARY DZIA\u0141ANIA<\/p>\n\n\n\n<h2 class=\"wp-block-heading has-text-align-left\">Nasze kompetencje<\/h2>\n\n\n\n<p class=\"section-lead\">Wspieramy firmy w realizacji projekt\u00f3w technicznych od etapu koncepcji po wdro\u017cenie przemys\u0142owe.<\/p>\n\n\n\n<div class=\"wp-block-columns is-layout-flex wp-container-core-columns-is-layout-28f84493 wp-block-columns-is-layout-flex\">\n<div class=\"wp-block-column feature-box-premium is-layout-flow wp-block-column-is-layout-flow\">\n<figure class=\"wp-block-image size-full service-icon\"><img decoding=\"async\" src=\"https:\/\/rsolutions.pl\/wp-content\/uploads\/2026\/03\/design.svg\" alt=\"\" class=\"wp-image-447\"\/><\/figure>\n\n\n\n<h3 class=\"wp-block-heading\">Projektowanie konstrukcji<\/h3>\n\n\n\n<p>Tworzymy rozwi\u0105zania techniczne dopasowane do realnych warunk\u00f3w pracy, produkcji i wdro\u017cenia.<\/p>\n<\/div>\n\n\n\n<div class=\"wp-block-column feature-box-premium is-layout-flow wp-block-column-is-layout-flow\">\n<figure class=\"wp-block-image size-full service-icon\"><img decoding=\"async\" src=\"https:\/\/rsolutions.pl\/wp-content\/uploads\/2026\/03\/mes_pik.svg\" alt=\"\" class=\"wp-image-468\"\/><\/figure>\n\n\n\n<h3 class=\"wp-block-heading\">Analiza i optymalizacja<\/h3>\n\n\n\n<p>Weryfikujemy konstrukcje, ograniczamy ryzyko projektowe i pomagamy rozwija\u0107 rozwi\u0105zania bardziej trwa\u0142e oraz efektywne.<\/p>\n<\/div>\n\n\n\n<div class=\"wp-block-column feature-box-premium is-layout-flow wp-block-column-is-layout-flow\">\n<figure class=\"wp-block-image size-full service-icon\"><img decoding=\"async\" src=\"https:\/\/rsolutions.pl\/wp-content\/uploads\/2026\/03\/wdr.svg\" alt=\"\" class=\"wp-image-449\"\/><\/figure>\n\n\n\n<h3 class=\"wp-block-heading\">Wdro\u017cenia przemys\u0142owe<\/h3>\n\n\n\n<p>\u0141\u0105czymy projektowanie z praktyk\u0105 wykonania, uruchomienia i zastosowania rozwi\u0105za\u0144 w \u015brodowisku przemys\u0142owym.<\/p>\n<\/div>\n<\/div>\n<\/div>\n\n\n\n<div class=\"wp-block-group alignfull section-spacing section-services uslugi-grid has-background is-layout-constrained wp-block-group-is-layout-constrained\" style=\"background-color:#11161d\">\n<p class=\"section-kicker\">OFERTA<\/p>\n\n\n\n<h2 class=\"wp-block-heading has-text-align-left\">Us\u0142ugi<\/h2>\n\n\n\n<p class=\"section-lead\">Zakres wsparcia dopasowujemy do potrzeb projektu, procesu i etapu realizacji.<\/p>\n\n\n\n<div class=\"wp-block-columns services-grid is-layout-flex wp-container-core-columns-is-layout-28f84493 wp-block-columns-is-layout-flex\">\n<div class=\"wp-block-column feature-box is-layout-flow wp-block-column-is-layout-flow\">\n<figure class=\"wp-block-image size-full is-resized service-icon\"><img loading=\"lazy\" decoding=\"async\" width=\"256\" height=\"256\" src=\"https:\/\/rsolutions.pl\/wp-content\/uploads\/2026\/03\/wsparcie_projektowe.png\" alt=\"\" class=\"wp-image-507\" style=\"width:46px;height:auto\" srcset=\"https:\/\/rsolutions.pl\/wp-content\/uploads\/2026\/03\/wsparcie_projektowe.png 256w, https:\/\/rsolutions.pl\/wp-content\/uploads\/2026\/03\/wsparcie_projektowe-150x150.png 150w\" sizes=\"auto, (max-width: 256px) 100vw, 256px\" \/><\/figure>\n\n\n\n<p><strong>Projektowanie CAD<\/strong><\/p>\n\n\n\n<p>Modele 3D, dokumentacja techniczna i przygotowanie rozwi\u0105za\u0144 do produkcji.<\/p>\n<\/div>\n\n\n\n<div class=\"wp-block-column feature-box is-layout-flow wp-block-column-is-layout-flow\">\n<figure class=\"wp-block-image size-full is-resized service-icon\"><img decoding=\"async\" src=\"https:\/\/rsolutions.pl\/wp-content\/uploads\/2026\/03\/mes_pik.svg\" alt=\"\" class=\"wp-image-468\" style=\"width:46px;height:auto\"\/><\/figure>\n\n\n\n<p><strong>Optymalizacja konstrukcji<\/strong><\/p>\n\n\n\n<p>Redukcja masy, poprawa wytrzyma\u0142o\u015bci i efektywno\u015bci projektu.<\/p>\n<\/div>\n\n\n\n<div class=\"wp-block-column feature-box is-layout-flow wp-block-column-is-layout-flow\">\n<figure class=\"wp-block-image size-full is-resized service-icon\"><img decoding=\"async\" src=\"https:\/\/rsolutions.pl\/wp-content\/uploads\/2026\/04\/03_analizy_mes1.svg\" alt=\"\" class=\"wp-image-653\" style=\"width:46px;height:auto\"\/><\/figure>\n\n\n\n<p><strong>Analizy MES<\/strong><\/p>\n\n\n\n<p>Symulacje i weryfikacja konstrukcji przed wdro\u017ceniem.<\/p>\n<\/div>\n<\/div>\n\n\n\n<div class=\"wp-block-columns services-grid is-layout-flex wp-container-core-columns-is-layout-28f84493 wp-block-columns-is-layout-flex\">\n<div class=\"wp-block-column feature-box is-layout-flow wp-block-column-is-layout-flow\">\n<figure class=\"wp-block-image size-full is-resized service-icon\"><img decoding=\"async\" src=\"https:\/\/rsolutions.pl\/wp-content\/uploads\/2026\/03\/01_wdrozenia_oprogramowania.svg\" alt=\"\" class=\"wp-image-563\" style=\"width:46px;height:auto\"\/><\/figure>\n\n\n\n<p><strong>Automatyka przemys\u0142owa<\/strong><\/p>\n\n\n\n<p>Integracja system\u00f3w i projektowanie rozwi\u0105za\u0144 dla proces\u00f3w produkcyjnych.<\/p>\n<\/div>\n\n\n\n<div class=\"wp-block-column feature-box is-layout-flow wp-block-column-is-layout-flow\">\n<figure class=\"wp-block-image size-full is-resized service-icon\"><img decoding=\"async\" src=\"https:\/\/rsolutions.pl\/wp-content\/uploads\/2026\/04\/05_oprzyrzadowanie.svg\" alt=\"\" class=\"wp-image-654\" style=\"width:46px;height:auto\"\/><\/figure>\n\n\n\n<p><strong>Oprzyrz\u0105dowanie<\/strong><\/p>\n\n\n\n<p>Projektowanie przyrz\u0105d\u00f3w, form, t\u0142ocznik\u00f3w oraz system\u00f3w produkcyjnych.<\/p>\n<\/div>\n\n\n\n<div class=\"wp-block-column feature-box is-layout-flow wp-block-column-is-layout-flow\">\n<figure class=\"wp-block-image size-full is-resized service-icon\"><img decoding=\"async\" src=\"https:\/\/rsolutions.pl\/wp-content\/uploads\/2026\/03\/05_przygotowanie_rozwiazan_do_wdrozenia.svg\" alt=\"\" class=\"wp-image-588\" style=\"width:46px;height:auto\"\/><\/figure>\n\n\n\n<p><strong>Wdro\u017cenia produkcyjne<\/strong><\/p>\n\n\n\n<p>Przeniesienie projektu do realnej produkcji wraz z uruchomieniem.<\/p>\n<\/div>\n<\/div>\n<\/div>\n","protected":false},"excerpt":{"rendered":"<p>OBSZARY DZIA\u0141ANIA Nasze kompetencje Wspieramy firmy w realizacji projekt\u00f3w technicznych od etapu koncepcji po wdro\u017cenie przemys\u0142owe. Projektowanie konstrukcji Tworzymy rozwi\u0105zania techniczne dopasowane do realnych warunk\u00f3w pracy, produkcji i wdro\u017cenia. Analiza i optymalizacja Weryfikujemy konstrukcje, ograniczamy ryzyko projektowe i pomagamy rozwija\u0107 rozwi\u0105zania bardziej trwa\u0142e oraz efektywne. Wdro\u017cenia przemys\u0142owe \u0141\u0105czymy projektowanie z praktyk\u0105 wykonania, uruchomienia i zastosowania [&hellip;]<\/p>\n","protected":false},"author":2,"featured_media":0,"parent":0,"menu_order":0,"comment_status":"closed","ping_status":"closed","template":"","meta":{"footnotes":""},"class_list":["post-37","page","type-page","status-publish","hentry"],"blocksy_meta":[],"_links":{"self":[{"href":"https:\/\/rsolutions.pl\/index.php\/wp-json\/wp\/v2\/pages\/37","targetHints":{"allow":["GET"]}}],"collection":[{"href":"https:\/\/rsolutions.pl\/index.php\/wp-json\/wp\/v2\/pages"}],"about":[{"href":"https:\/\/rsolutions.pl\/index.php\/wp-json\/wp\/v2\/types\/page"}],"author":[{"embeddable":true,"href":"https:\/\/rsolutions.pl\/index.php\/wp-json\/wp\/v2\/users\/2"}],"replies":[{"embeddable":true,"href":"https:\/\/rsolutions.pl\/index.php\/wp-json\/wp\/v2\/comments?post=37"}],"version-history":[{"count":78,"href":"https:\/\/rsolutions.pl\/index.php\/wp-json\/wp\/v2\/pages\/37\/revisions"}],"predecessor-version":[{"id":689,"href":"https:\/\/rsolutions.pl\/index.php\/wp-json\/wp\/v2\/pages\/37\/revisions\/689"}],"wp:attachment":[{"href":"https:\/\/rsolutions.pl\/index.php\/wp-json\/wp\/v2\/media?parent=37"}],"curies":[{"name":"wp","href":"https:\/\/api.w.org\/{rel}","templated":true}]}}