{"id":50,"date":"2025-01-08T00:55:44","date_gmt":"2025-01-08T00:55:44","guid":{"rendered":"https:\/\/rsolutions.com.pl\/?page_id=50"},"modified":"2026-03-27T09:48:44","modified_gmt":"2026-03-27T09:48:44","slug":"projektowanie","status":"publish","type":"page","link":"https:\/\/rsolutions.pl\/index.php\/projektowanie\/","title":{"rendered":"Projektowanie"},"content":{"rendered":"\n<div style=\"height:100px\" aria-hidden=\"true\" class=\"wp-block-spacer\"><\/div>\n\n\n\n<div class=\"wp-block-columns is-layout-flex wp-container-core-columns-is-layout-28f84493 wp-block-columns-is-layout-flex\">\n<div class=\"wp-block-column feature-box is-layout-flow wp-block-column-is-layout-flow\">\n<figure class=\"wp-block-image aligncenter size-large\"><img loading=\"lazy\" decoding=\"async\" width=\"1024\" height=\"227\" src=\"https:\/\/rsolutions.pl\/wp-content\/uploads\/2026\/03\/rs_transp-1-1024x227.png\" alt=\"\" class=\"wp-image-408\" srcset=\"https:\/\/rsolutions.pl\/wp-content\/uploads\/2026\/03\/rs_transp-1-1024x227.png 1024w, https:\/\/rsolutions.pl\/wp-content\/uploads\/2026\/03\/rs_transp-1-300x67.png 300w, https:\/\/rsolutions.pl\/wp-content\/uploads\/2026\/03\/rs_transp-1-768x170.png 768w, https:\/\/rsolutions.pl\/wp-content\/uploads\/2026\/03\/rs_transp-1.png 1141w\" sizes=\"auto, (max-width: 1024px) 100vw, 1024px\" \/><\/figure>\n<\/div>\n<\/div>\n\n\n\n<div class=\"wp-block-columns is-layout-flex wp-container-core-columns-is-layout-28f84493 wp-block-columns-is-layout-flex\">\n<div class=\"wp-block-column is-layout-flow wp-block-column-is-layout-flow\">\n<p><strong><span style=\"color:#00C2FF;\"><strong>Wspieramy firmy przemys\u0142owe w projektowaniu rozwi\u0105za\u0144 technicznych dopasowanych do rzeczywistych wymaga\u0144 pracy, produkcji i wdro\u017cenia.<\/strong> Opracowujemy konstrukcje z my\u015bl\u0105 o ich funkcji, trwa\u0142o\u015bci, technologii wykonania oraz praktycznym zastosowaniu.<\/span><\/strong><\/p>\n\n\n\n<p>Projektowanie traktujemy jako proces, kt\u00f3ry \u0142\u0105czy wymagania techniczne, za\u0142o\u017cenia funkcjonalne oraz mo\u017cliwo\u015bci wykonawcze. Dzi\u0119ki temu powstaj\u0105 rozwi\u0105zania nie tylko poprawne konstrukcyjnie, ale r\u00f3wnie\u017c u\u017cyteczne z punktu widzenia produkcji, monta\u017cu i p\u00f3\u017aniejszej eksploatacji.<\/p>\n\n\n\n<p>Nasze podej\u015bcie obejmuje zar\u00f3wno tworzenie nowych rozwi\u0105za\u0144 od podstaw, jak i rozw\u00f3j oraz modyfikacj\u0119 istniej\u0105cych konstrukcji. Pracujemy nad projektami, w kt\u00f3rych liczy si\u0119 precyzja, powtarzalno\u015b\u0107, funkcjonalno\u015b\u0107 i mo\u017cliwo\u015b\u0107 realnego wdro\u017cenia w warunkach przemys\u0142owych.<\/p>\n\n\n\n<hr class=\"wp-block-separator has-alpha-channel-opacity\"\/>\n\n\n\n<div class=\"wp-block-columns is-layout-flex wp-container-core-columns-is-layout-28f84493 wp-block-columns-is-layout-flex\">\n<div class=\"wp-block-column is-layout-flow wp-block-column-is-layout-flow\" style=\"flex-basis:60px\">\n<figure class=\"wp-block-image aligncenter size-full\"><img decoding=\"async\" src=\"https:\/\/rsolutions.pl\/wp-content\/uploads\/2026\/03\/jak_pracujemy.svg\" alt=\"\" class=\"wp-image-486\"\/><\/figure>\n<\/div>\n\n\n\n<div class=\"wp-block-column is-layout-flow wp-block-column-is-layout-flow\">\n<h2 class=\"wp-block-heading alignfull has-text-align-left\"><span style=\"color:#00C2FF;\">Jak pracujemy<\/span> <\/h2>\n<\/div>\n<\/div>\n\n\n\n<p class=\"has-text-align-left\">Ka\u017cdy projekt rozpoczynamy od analizy potrzeb, funkcji rozwi\u0105zania oraz warunk\u00f3w jego pracy. Na tej podstawie opracowujemy koncepcj\u0119, rozwijamy projekt konstrukcyjny i dopracowujemy go pod k\u0105tem technicznym oraz wykonawczym. W zale\u017cno\u015bci od charakteru zadania wspieramy r\u00f3wnie\u017c dalsze etapy zwi\u0105zane z optymalizacj\u0105, dokumentacj\u0105 i przygotowaniem rozwi\u0105zania do wdro\u017cenia.<\/p>\n\n\n\n<div class=\"wp-block-columns is-layout-flex wp-container-core-columns-is-layout-28f84493 wp-block-columns-is-layout-flex\">\n<div class=\"wp-block-column is-layout-flow wp-block-column-is-layout-flow\" style=\"flex-basis:60px\">\n<figure class=\"wp-block-image aligncenter size-full\"><img decoding=\"async\" src=\"https:\/\/rsolutions.pl\/wp-content\/uploads\/2026\/03\/dla_kogo.svg\" alt=\"\" class=\"wp-image-485\"\/><\/figure>\n<\/div>\n\n\n\n<div class=\"wp-block-column is-layout-flow wp-block-column-is-layout-flow\">\n<h2 class=\"wp-block-heading alignfull has-text-align-left\"><span style=\"color:#00C2FF;\">Dla kogo jest ta us\u0142uga<\/span><\/h2>\n<\/div>\n<\/div>\n\n\n\n<p class=\"has-text-align-left\">Us\u0142uga projektowania jest skierowana do firm, kt\u00f3re potrzebuj\u0105 wsparcia przy tworzeniu nowych rozwi\u0105za\u0144 technicznych, rozwijaniu istniej\u0105cych konstrukcji, przygotowaniu oprzyrz\u0105dowania lub opracowaniu projektu dostosowanego do konkretnego procesu przemys\u0142owego.<\/p>\n<\/div>\n\n\n\n<div class=\"wp-block-column is-layout-flow wp-block-column-is-layout-flow\">\n<div class=\"wp-block-columns is-layout-flex wp-container-core-columns-is-layout-28f84493 wp-block-columns-is-layout-flex\">\n<div class=\"wp-block-column feature-box is-layout-flow wp-block-column-is-layout-flow\">\n<figure class=\"wp-block-image aligncenter size-full\"><img decoding=\"async\" src=\"https:\/\/rsolutions.pl\/wp-content\/uploads\/2026\/03\/design.svg\" alt=\"\" class=\"wp-image-447\"\/><\/figure>\n\n\n\n<hr class=\"wp-block-separator has-alpha-channel-opacity\"\/>\n\n\n\n<h5 class=\"wp-block-heading has-text-align-center\"><span style=\"color:#00C2FF;\">Projektowanie element\u00f3w maszyn i urz\u0105dze\u0144<\/span><\/h5>\n\n\n\n<p class=\"has-text-align-center\">Opracowujemy rozwi\u0105zania konstrukcyjne dla cz\u0119\u015bci, zespo\u0142\u00f3w oraz komponent\u00f3w stosowanych w maszynach, urz\u0105dzeniach i systemach technicznych.<br><\/p>\n<\/div>\n\n\n\n<div class=\"wp-block-column feature-box is-layout-flow wp-block-column-is-layout-flow\">\n<figure class=\"wp-block-image aligncenter size-full\"><img decoding=\"async\" src=\"https:\/\/rsolutions.pl\/wp-content\/uploads\/2026\/03\/tools_pik.svg\" alt=\"\" class=\"wp-image-469\"\/><\/figure>\n\n\n\n<hr class=\"wp-block-separator has-alpha-channel-opacity\"\/>\n\n\n\n<h5 class=\"wp-block-heading has-text-align-center\"><span style=\"color:#00C2FF;\">Oprzyrz\u0105dowanie technologiczne<\/span><\/h5>\n\n\n\n<p class=\"has-text-align-center\">Projektujemy uchwyty, narz\u0119dzia, elementy pomocnicze oraz rozwi\u0105zania wspieraj\u0105ce proces produkcji, monta\u017cu i kontroli.<br><\/p>\n<\/div>\n\n\n\n<div class=\"wp-block-column feature-box is-layout-flow wp-block-column-is-layout-flow\">\n<figure class=\"wp-block-image aligncenter size-full\"><img decoding=\"async\" src=\"https:\/\/rsolutions.pl\/wp-content\/uploads\/2026\/03\/mes_pik.svg\" alt=\"\" class=\"wp-image-468\"\/><\/figure>\n\n\n\n<hr class=\"wp-block-separator has-alpha-channel-opacity\"\/>\n\n\n\n<h5 class=\"wp-block-heading has-text-align-center\"><span style=\"color:#00C2FF;\">Rozwi\u0105zania specjalne<\/span><\/h5>\n\n\n\n<p class=\"has-text-align-center\">Tworzymy konstrukcje dopasowane do indywidualnych wymaga\u0144 projektu, procesu technologicznego lub konkretnego zastosowania przemys\u0142owego.<br><\/p>\n<\/div>\n<\/div>\n\n\n\n<div class=\"wp-block-columns is-layout-flex wp-container-core-columns-is-layout-28f84493 wp-block-columns-is-layout-flex\">\n<div class=\"wp-block-column is-layout-flow wp-block-column-is-layout-flow\">\n<div class=\"wp-block-columns is-layout-flex wp-container-core-columns-is-layout-28f84493 wp-block-columns-is-layout-flex\">\n<div class=\"wp-block-column feature-box is-layout-flow wp-block-column-is-layout-flow\">\n<figure class=\"wp-block-image aligncenter size-full\"><img decoding=\"async\" src=\"https:\/\/rsolutions.pl\/wp-content\/uploads\/2026\/03\/reserch.svg\" alt=\"\" class=\"wp-image-448\"\/><\/figure>\n\n\n\n<hr class=\"wp-block-separator has-alpha-channel-opacity\"\/>\n\n\n\n<h5 class=\"wp-block-heading has-text-align-center\"><span style=\"color:#00C2FF;\">Rozw\u00f3j istniej\u0105cych konstrukcji<\/span><\/h5>\n\n\n\n<p class=\"has-text-align-center\">Wspieramy modyfikacj\u0119 i doskonalenie ju\u017c stosowanych rozwi\u0105za\u0144 przez popraw\u0119 funkcjonalno\u015bci, dostosowanie do nowych warunk\u00f3w pracy lub zmian\u0119 za\u0142o\u017ce\u0144 projektowych.<\/p>\n<\/div>\n\n\n\n<div class=\"wp-block-column feature-box is-layout-flow wp-block-column-is-layout-flow\">\n<figure class=\"wp-block-image aligncenter size-full\"><img decoding=\"async\" src=\"https:\/\/rsolutions.pl\/wp-content\/uploads\/2026\/03\/dokumentacja_pik.svg\" alt=\"\" class=\"wp-image-467\"\/><\/figure>\n\n\n\n<hr class=\"wp-block-separator has-alpha-channel-opacity\"\/>\n\n\n\n<h5 class=\"wp-block-heading has-text-align-center\"><span style=\"color:#00C2FF;\">Projektowanie pod wdro\u017cenie<\/span><\/h5>\n\n\n\n<p class=\"has-text-align-center\">Uwzgl\u0119dniamy technologi\u0119 wykonania, spos\u00f3b monta\u017cu, wymagania u\u017cytkowe i warunki eksploatacji ju\u017c na etapie opracowania rozwi\u0105zania.<br><\/p>\n<\/div>\n\n\n\n<div class=\"wp-block-column feature-box is-layout-flow wp-block-column-is-layout-flow\">\n<figure class=\"wp-block-image aligncenter size-full\"><img decoding=\"async\" src=\"https:\/\/rsolutions.pl\/wp-content\/uploads\/2026\/03\/wdr.svg\" alt=\"\" class=\"wp-image-449\"\/><\/figure>\n\n\n\n<hr class=\"wp-block-separator has-alpha-channel-opacity\"\/>\n\n\n\n<h5 class=\"wp-block-heading has-text-align-center\"><span style=\"color:#00C2FF;\">Dokumentacja techniczna<\/span><\/h5>\n\n\n\n<p class=\"has-text-align-center\">Przygotowujemy dokumentacj\u0119 projektow\u0105 i wykonawcz\u0105 niezb\u0119dn\u0105 do dalszego rozwoju, realizacji oraz wdro\u017cenia rozwi\u0105zania.<br><\/p>\n<\/div>\n<\/div>\n<\/div>\n<\/div>\n<\/div>\n<\/div>\n\n\n\n<hr class=\"wp-block-separator has-alpha-channel-opacity is-style-wide\"\/>\n\n\n\n<p class=\"has-text-align-center\">Potrzebujesz wsparcia w opracowaniu rozwi\u0105zania konstrukcyjnego lub rozwoju istniej\u0105cego projektu?<br>Skontaktuj si\u0119 z nami i opowiedz o swoim zadaniu.<\/p>\n\n\n\n<div class=\"wp-block-buttons alignwide is-content-justification-center is-layout-flex wp-container-core-buttons-is-layout-a89b3969 wp-block-buttons-is-layout-flex\">\n<div class=\"wp-block-button\"><a class=\"wp-block-button__link has-text-align-center wp-element-button\" href=\"mailto:biuro@rsolutions.pl\">Napisz do nas<\/a><\/div>\n<\/div>\n\n\n\n<hr class=\"wp-block-separator has-alpha-channel-opacity is-style-wide\"\/>\n\n\n\n<div style=\"height:101px\" aria-hidden=\"true\" class=\"wp-block-spacer\"><\/div>\n\n\n\n<p><\/p>\n","protected":false},"excerpt":{"rendered":"<p>Wspieramy firmy przemys\u0142owe w projektowaniu rozwi\u0105za\u0144 technicznych dopasowanych do rzeczywistych wymaga\u0144 pracy, produkcji i wdro\u017cenia. Opracowujemy konstrukcje z my\u015bl\u0105 o ich funkcji, trwa\u0142o\u015bci, technologii wykonania oraz praktycznym zastosowaniu. Projektowanie traktujemy jako proces, kt\u00f3ry \u0142\u0105czy wymagania techniczne, za\u0142o\u017cenia funkcjonalne oraz mo\u017cliwo\u015bci wykonawcze. Dzi\u0119ki temu powstaj\u0105 rozwi\u0105zania nie tylko poprawne konstrukcyjnie, ale r\u00f3wnie\u017c u\u017cyteczne z punktu widzenia [&hellip;]<\/p>\n","protected":false},"author":2,"featured_media":0,"parent":0,"menu_order":0,"comment_status":"closed","ping_status":"closed","template":"","meta":{"footnotes":""},"class_list":["post-50","page","type-page","status-publish","hentry"],"blocksy_meta":[],"_links":{"self":[{"href":"https:\/\/rsolutions.pl\/index.php\/wp-json\/wp\/v2\/pages\/50","targetHints":{"allow":["GET"]}}],"collection":[{"href":"https:\/\/rsolutions.pl\/index.php\/wp-json\/wp\/v2\/pages"}],"about":[{"href":"https:\/\/rsolutions.pl\/index.php\/wp-json\/wp\/v2\/types\/page"}],"author":[{"embeddable":true,"href":"https:\/\/rsolutions.pl\/index.php\/wp-json\/wp\/v2\/users\/2"}],"replies":[{"embeddable":true,"href":"https:\/\/rsolutions.pl\/index.php\/wp-json\/wp\/v2\/comments?post=50"}],"version-history":[{"count":7,"href":"https:\/\/rsolutions.pl\/index.php\/wp-json\/wp\/v2\/pages\/50\/revisions"}],"predecessor-version":[{"id":577,"href":"https:\/\/rsolutions.pl\/index.php\/wp-json\/wp\/v2\/pages\/50\/revisions\/577"}],"wp:attachment":[{"href":"https:\/\/rsolutions.pl\/index.php\/wp-json\/wp\/v2\/media?parent=50"}],"curies":[{"name":"wp","href":"https:\/\/api.w.org\/{rel}","templated":true}]}}