{"id":556,"date":"2026-03-27T09:34:10","date_gmt":"2026-03-27T09:34:10","guid":{"rendered":"https:\/\/rsolutions.pl\/?page_id=556"},"modified":"2026-03-27T09:47:02","modified_gmt":"2026-03-27T09:47:02","slug":"wdrozenia-i-szkolenia-z-oprogramowania-inzynierskiego-dla-firm","status":"publish","type":"page","link":"https:\/\/rsolutions.pl\/index.php\/wdrozenia-i-szkolenia-z-oprogramowania-inzynierskiego-dla-firm\/","title":{"rendered":"Wdro\u017cenia i szkolenia z oprogramowania in\u017cynierskiego dla firm"},"content":{"rendered":"\n<div style=\"height:100px\" aria-hidden=\"true\" class=\"wp-block-spacer\"><\/div>\n\n\n\n<div class=\"wp-block-columns is-layout-flex wp-container-core-columns-is-layout-28f84493 wp-block-columns-is-layout-flex\">\n<div class=\"wp-block-column feature-box is-layout-flow wp-block-column-is-layout-flow\">\n<figure class=\"wp-block-image aligncenter size-large\"><img loading=\"lazy\" decoding=\"async\" width=\"1024\" height=\"227\" src=\"https:\/\/rsolutions.pl\/wp-content\/uploads\/2026\/03\/rs_transp-1-1024x227.png\" alt=\"\" class=\"wp-image-408\" srcset=\"https:\/\/rsolutions.pl\/wp-content\/uploads\/2026\/03\/rs_transp-1-1024x227.png 1024w, https:\/\/rsolutions.pl\/wp-content\/uploads\/2026\/03\/rs_transp-1-300x67.png 300w, https:\/\/rsolutions.pl\/wp-content\/uploads\/2026\/03\/rs_transp-1-768x170.png 768w, https:\/\/rsolutions.pl\/wp-content\/uploads\/2026\/03\/rs_transp-1.png 1141w\" sizes=\"auto, (max-width: 1024px) 100vw, 1024px\" \/><\/figure>\n<\/div>\n<\/div>\n\n\n\n<div class=\"wp-block-columns is-layout-flex wp-container-core-columns-is-layout-28f84493 wp-block-columns-is-layout-flex\">\n<div class=\"wp-block-column is-layout-flow wp-block-column-is-layout-flow\">\n<p><strong><span style=\"color:#00C2FF;\"><strong><strong>Wspieramy firmy we wdra\u017caniu oprogramowania in\u017cynierskiego oraz w szkoleniu zespo\u0142\u00f3w odpowiedzialnych za projektowanie, analiz\u0119 i rozw\u00f3j rozwi\u0105za\u0144 technicznych. W naszym zespole znajduj\u0105 si\u0119 certyfikowani szkoleniowcy z zakresu oprogramowania in\u017cynierskiego, dzi\u0119ki czemu \u0142\u0105czymy wiedz\u0119 techniczn\u0105 z praktycznym podej\u015bciem do proces\u00f3w pracy.<\/strong><\/strong><\/span><\/strong><\/p>\n\n\n\n<p>Samo wdro\u017cenie oprogramowania nie gwarantuje jeszcze realnej poprawy pracy zespo\u0142u. Kluczowe jest odpowiednie dopasowanie narz\u0119dzia do potrzeb firmy, przygotowanie procesu jego wykorzystania oraz przeszkolenie pracownik\u00f3w w spos\u00f3b odpowiadaj\u0105cy rzeczywistym zadaniom projektowym i technologicznym.<\/p>\n\n\n\n<p>Dzi\u0119ki po\u0142\u0105czeniu do\u015bwiadczenia in\u017cynierskiego i szkoleniowego wspieramy przedsi\u0119biorstwa w taki spos\u00f3b, aby nowe narz\u0119dzia przek\u0142ada\u0142y si\u0119 na wi\u0119ksz\u0105 sprawno\u015b\u0107 pracy, lepsz\u0105 organizacj\u0119 zada\u0144 oraz skuteczniejsze wykorzystanie mo\u017cliwo\u015bci projektowych i analitycznych.<\/p>\n\n\n\n<hr class=\"wp-block-separator has-alpha-channel-opacity\"\/>\n\n\n\n<div class=\"wp-block-columns is-layout-flex wp-container-core-columns-is-layout-28f84493 wp-block-columns-is-layout-flex\">\n<div class=\"wp-block-column is-layout-flow wp-block-column-is-layout-flow\" style=\"flex-basis:60px\">\n<figure class=\"wp-block-image aligncenter size-full\"><img decoding=\"async\" src=\"https:\/\/rsolutions.pl\/wp-content\/uploads\/2026\/03\/jak_pracujemy.svg\" alt=\"\" class=\"wp-image-486\"\/><\/figure>\n<\/div>\n\n\n\n<div class=\"wp-block-column is-layout-flow wp-block-column-is-layout-flow\">\n<h2 class=\"wp-block-heading alignfull has-text-align-left\"><span style=\"color:#00C2FF;\">Jak pracujemy<\/span> <\/h2>\n<\/div>\n<\/div>\n\n\n\n<p class=\"has-text-align-left\">Ka\u017cde wdro\u017cenie lub szkolenie rozpoczynamy od poznania potrzeb firmy, poziomu zaawansowania zespo\u0142u oraz zakresu wykorzystania oprogramowania. Na tej podstawie dobieramy spos\u00f3b dzia\u0142ania, zakres szkolenia oraz obszary wymagaj\u0105ce wsparcia.<\/p>\n\n\n\n<p class=\"has-text-align-left\">Stawiamy na praktyczne podej\u015bcie, dopasowanie do rzeczywistych zada\u0144 oraz rozwi\u0105zania, kt\u00f3re mo\u017cna od razu wykorzysta\u0107 w codziennej pracy. Naszym celem jest nie tylko przekazanie wiedzy, ale r\u00f3wnie\u017c realne usprawnienie sposobu pracy zespo\u0142u.<\/p>\n\n\n\n<div class=\"wp-block-columns is-layout-flex wp-container-core-columns-is-layout-28f84493 wp-block-columns-is-layout-flex\">\n<div class=\"wp-block-column is-layout-flow wp-block-column-is-layout-flow\" style=\"flex-basis:60px\">\n<figure class=\"wp-block-image aligncenter size-full\"><img decoding=\"async\" src=\"https:\/\/rsolutions.pl\/wp-content\/uploads\/2026\/03\/dla_kogo.svg\" alt=\"\" class=\"wp-image-485\"\/><\/figure>\n<\/div>\n\n\n\n<div class=\"wp-block-column is-layout-flow wp-block-column-is-layout-flow\">\n<h2 class=\"wp-block-heading alignfull has-text-align-left\"><span style=\"color:#00C2FF;\">Dla kogo jest ta us\u0142uga<\/span><\/h2>\n<\/div>\n<\/div>\n\n\n\n<p>Us\u0142uga jest skierowana do firm, kt\u00f3re: <\/p>\n\n\n\n<ul class=\"wp-block-list\">\n<li>wdra\u017caj\u0105 nowe oprogramowanie in\u017cynierskie,<\/li>\n\n\n\n<li>chc\u0105 lepiej wykorzysta\u0107 ju\u017c u\u017cywane narz\u0119dzia,<\/li>\n\n\n\n<li>potrzebuj\u0105 praktycznych szkole\u0144 dla zespo\u0142u technicznego,<\/li>\n\n\n\n<li>chc\u0105 uporz\u0105dkowa\u0107 spos\u00f3b pracy z oprogramowaniem,<\/li>\n\n\n\n<li>zale\u017cy im na zwi\u0119kszeniu efektywno\u015bci projektowania,<\/li>\n\n\n\n<li>analiz lub przygotowania dokumentacji.<\/li>\n<\/ul>\n\n\n\n<div class=\"wp-block-columns is-layout-flex wp-container-core-columns-is-layout-28f84493 wp-block-columns-is-layout-flex\">\n<div class=\"wp-block-column is-layout-flow wp-block-column-is-layout-flow\" style=\"flex-basis:60px\">\n<figure class=\"wp-block-image aligncenter size-full\"><img decoding=\"async\" src=\"https:\/\/rsolutions.pl\/wp-content\/uploads\/2026\/03\/korzysci_dla_partnera.svg\" alt=\"\" class=\"wp-image-516\"\/><\/figure>\n<\/div>\n\n\n\n<div class=\"wp-block-column is-layout-flow wp-block-column-is-layout-flow\">\n<h2 class=\"wp-block-heading alignfull has-text-align-left\"><span style=\"color:#00C2FF;\">Korzy\u015bci dla firmy<\/span><\/h2>\n<\/div>\n<\/div>\n\n\n\n<ul class=\"wp-block-list\">\n<li>sprawniejsze wdro\u017cenie oprogramowania do codziennej pracy,<\/li>\n\n\n\n<li>lepsze wykorzystanie mo\u017cliwo\u015bci narz\u0119dzi in\u017cynierskich,<\/li>\n\n\n\n<li>wzrost kompetencji zespo\u0142u technicznego,<\/li>\n\n\n\n<li>uporz\u0105dkowanie sposobu pracy i organizacji zada\u0144,<\/li>\n\n\n\n<li>praktyczne szkolenia dopasowane do potrzeb firmy.<\/li>\n<\/ul>\n<\/div>\n\n\n\n<div class=\"wp-block-column is-layout-flow wp-block-column-is-layout-flow\">\n<div class=\"wp-block-columns is-layout-flex wp-container-core-columns-is-layout-28f84493 wp-block-columns-is-layout-flex\">\n<div class=\"wp-block-column feature-box is-layout-flow wp-block-column-is-layout-flow\">\n<figure class=\"wp-block-image aligncenter size-full is-resized\"><img decoding=\"async\" src=\"https:\/\/rsolutions.pl\/wp-content\/uploads\/2026\/03\/01_wdrozenia_oprogramowania.svg\" alt=\"\" class=\"wp-image-563\" style=\"object-fit:cover;width:50px;height:50px\"\/><\/figure>\n\n\n\n<hr class=\"wp-block-separator has-alpha-channel-opacity\"\/>\n\n\n\n<h5 class=\"wp-block-heading has-text-align-center\"><span style=\"color:#00C2FF;\">Wdro\u017cenia <\/span><\/h5>\n\n\n\n<p class=\"has-text-align-center\">Wspieramy firmy w uruchomieniu i organizacji pracy z wykorzystaniem oprogramowania in\u017cynierskiego, dopasowuj\u0105c spos\u00f3b wdro\u017cenia do struktury zespo\u0142u, charakteru zada\u0144 i potrzeb przedsi\u0119biorstwa.<br><\/p>\n<\/div>\n\n\n\n<div class=\"wp-block-column feature-box is-layout-flow wp-block-column-is-layout-flow\">\n<figure class=\"wp-block-image aligncenter size-full is-resized\"><img decoding=\"async\" src=\"https:\/\/rsolutions.pl\/wp-content\/uploads\/2026\/03\/02_szkolenia_zespolow_technicznych.svg\" alt=\"\" class=\"wp-image-564\" style=\"object-fit:cover;width:50px;height:50px\"\/><\/figure>\n\n\n\n<hr class=\"wp-block-separator has-alpha-channel-opacity\"\/>\n\n\n\n<h5 class=\"wp-block-heading has-text-align-center\"><span style=\"color:#00C2FF;\">Szkolenia zespo\u0142\u00f3w technicznych<\/span><\/h5>\n\n\n\n<p class=\"has-text-align-center\">Prowadzimy szkolenia dla os\u00f3b pracuj\u0105cych w obszarze projektowania, przygotowania produkcji, analiz oraz rozwoju produkt\u00f3w, dostosowane do poziomu zaawansowania i realnych zada\u0144 wykonywanych w firmie.<br><\/p>\n<\/div>\n\n\n\n<div class=\"wp-block-column feature-box is-layout-flow wp-block-column-is-layout-flow\">\n<figure class=\"wp-block-image aligncenter size-full is-resized\"><img decoding=\"async\" src=\"https:\/\/rsolutions.pl\/wp-content\/uploads\/2026\/03\/03_szkolenia_praktyczne.svg\" alt=\"\" class=\"wp-image-565\" style=\"object-fit:cover;width:50px;height:50px\"\/><\/figure>\n\n\n\n<hr class=\"wp-block-separator has-alpha-channel-opacity\"\/>\n\n\n\n<h5 class=\"wp-block-heading has-text-align-center\"><span style=\"color:#00C2FF;\">Szkolenia praktyczne<\/span><\/h5>\n\n\n\n<p class=\"has-text-align-center\">Skupiamy si\u0119 na praktycznym wykorzystaniu oprogramowania w codziennej pracy, tak aby uczestnicy mogli prze\u0142o\u017cy\u0107 zdobyt\u0105 wiedz\u0119 bezpo\u015brednio na w\u0142asne projekty i obowi\u0105zki.<br><\/p>\n<\/div>\n<\/div>\n\n\n\n<div class=\"wp-block-columns is-layout-flex wp-container-core-columns-is-layout-28f84493 wp-block-columns-is-layout-flex\">\n<div class=\"wp-block-column is-layout-flow wp-block-column-is-layout-flow\">\n<div class=\"wp-block-columns is-layout-flex wp-container-core-columns-is-layout-28f84493 wp-block-columns-is-layout-flex\">\n<div class=\"wp-block-column feature-box is-layout-flow wp-block-column-is-layout-flow\">\n<figure class=\"wp-block-image aligncenter size-full is-resized\"><img decoding=\"async\" src=\"https:\/\/rsolutions.pl\/wp-content\/uploads\/2026\/03\/04_organizacja_pracy_z_narzedziami.svg\" alt=\"\" class=\"wp-image-566\" style=\"object-fit:cover;width:50px;height:50px\"\/><\/figure>\n\n\n\n<hr class=\"wp-block-separator has-alpha-channel-opacity\"\/>\n\n\n\n<h5 class=\"wp-block-heading has-text-align-center\"><span style=\"color:#00C2FF;\">Organizacja pracy z narz\u0119dziami<\/span><\/h5>\n\n\n\n<p class=\"has-text-align-center\">Pomagamy uporz\u0105dkowa\u0107 spos\u00f3b korzystania z narz\u0119dzi in\u017cynierskich w firmie, tak aby praca zespo\u0142u by\u0142a bardziej sp\u00f3jna, przewidywalna i efektywna.<\/p>\n<\/div>\n\n\n\n<div class=\"wp-block-column feature-box is-layout-flow wp-block-column-is-layout-flow\">\n<figure class=\"wp-block-image aligncenter size-full is-resized\"><img decoding=\"async\" src=\"https:\/\/rsolutions.pl\/wp-content\/uploads\/2026\/03\/05_rozwoj_kompetencji_zespolu.svg\" alt=\"\" class=\"wp-image-567\" style=\"object-fit:cover;width:50px;height:50px\"\/><\/figure>\n\n\n\n<hr class=\"wp-block-separator has-alpha-channel-opacity\"\/>\n\n\n\n<h5 class=\"wp-block-heading has-text-align-center\"><span style=\"color:#00C2FF;\">Rozw\u00f3j kompetencji zespo\u0142u<\/span><\/h5>\n\n\n\n<p class=\"has-text-align-center\">Wspieramy firmy w budowaniu kompetencji wewn\u0119trznych, rozwijaniu umiej\u0119tno\u015bci pracownik\u00f3w oraz zwi\u0119kszaniu samodzielno\u015bci zespo\u0142u w obszarze wykorzystania oprogramowania.<br><\/p>\n<\/div>\n\n\n\n<div class=\"wp-block-column feature-box is-layout-flow wp-block-column-is-layout-flow\">\n<figure class=\"wp-block-image aligncenter size-full is-resized\"><img decoding=\"async\" src=\"https:\/\/rsolutions.pl\/wp-content\/uploads\/2026\/03\/06_wsparcie_po_wdrozeniu.svg\" alt=\"\" class=\"wp-image-568\" style=\"object-fit:cover;width:50px;height:50px\"\/><\/figure>\n\n\n\n<hr class=\"wp-block-separator has-alpha-channel-opacity\"\/>\n\n\n\n<h5 class=\"wp-block-heading has-text-align-center\"><span style=\"color:#00C2FF;\">Wsparcie po wdro\u017ceniu<\/span><\/h5>\n\n\n\n<p class=\"has-text-align-center\">Oferujemy wsparcie po wdro\u017ceniu i szkoleniu, pomagaj\u0105c rozwi\u0105zywa\u0107 bie\u017c\u0105ce problemy, dopracowywa\u0107 spos\u00f3b pracy oraz lepiej wykorzystywa\u0107 mo\u017cliwo\u015bci narz\u0119dzi.<br><\/p>\n<\/div>\n<\/div>\n<\/div>\n<\/div>\n\n\n\n<div class=\"wp-block-columns is-layout-flex wp-container-core-columns-is-layout-28f84493 wp-block-columns-is-layout-flex\">\n<div class=\"wp-block-column feature-box is-layout-flow wp-block-column-is-layout-flow\">\n<figure class=\"wp-block-image aligncenter size-full is-resized\"><img decoding=\"async\" src=\"https:\/\/rsolutions.pl\/wp-content\/uploads\/2026\/03\/07_certyfikowani_szkoleniowcy.svg\" alt=\"\" class=\"wp-image-569\" style=\"object-fit:cover;width:50px;height:50px\"\/><\/figure>\n\n\n\n<hr class=\"wp-block-separator has-alpha-channel-opacity\"\/>\n\n\n\n<h5 class=\"wp-block-heading has-text-align-center\"><span style=\"color:#00C2FF;\">Certyfikowani szkoleniowcy<\/span><\/h5>\n\n\n\n<p class=\"has-text-align-center\">W naszym zespole znajduj\u0105 si\u0119 certyfikowani szkoleniowcy z zakresu oprogramowania in\u017cynierskiego, co pozwala prowadzi\u0107 szkolenia i wdro\u017cenia w oparciu o sprawdzone kompetencje oraz praktyczne do\u015bwiadczenie.<\/p>\n<\/div>\n<\/div>\n<\/div>\n<\/div>\n\n\n\n<hr class=\"wp-block-separator has-alpha-channel-opacity is-style-wide\"\/>\n\n\n\n<p class=\"has-text-align-center\">Chcesz wdro\u017cy\u0107 oprogramowanie in\u017cynierskie w firmie lub przeszkoli\u0107 zesp\u00f3\u0142 w praktycznym wykorzystaniu narz\u0119dzi?<br>Skontaktuj si\u0119 z nami i opowiedz o potrzebach swojej firmy.<\/p>\n\n\n\n<div class=\"wp-block-buttons alignwide is-content-justification-center is-layout-flex wp-container-core-buttons-is-layout-a89b3969 wp-block-buttons-is-layout-flex\">\n<div class=\"wp-block-button\"><a class=\"wp-block-button__link has-text-align-center wp-element-button\" href=\"mailto:biuro@rsolutions.pl\">Napisz do nas<\/a><\/div>\n<\/div>\n\n\n\n<hr class=\"wp-block-separator has-alpha-channel-opacity is-style-wide\"\/>\n\n\n\n<div style=\"height:101px\" aria-hidden=\"true\" class=\"wp-block-spacer\"><\/div>\n\n\n\n<p><\/p>\n","protected":false},"excerpt":{"rendered":"<p>Wspieramy firmy we wdra\u017caniu oprogramowania in\u017cynierskiego oraz w szkoleniu zespo\u0142\u00f3w odpowiedzialnych za projektowanie, analiz\u0119 i rozw\u00f3j rozwi\u0105za\u0144 technicznych. W naszym zespole znajduj\u0105 si\u0119 certyfikowani szkoleniowcy z zakresu oprogramowania in\u017cynierskiego, dzi\u0119ki czemu \u0142\u0105czymy wiedz\u0119 techniczn\u0105 z praktycznym podej\u015bciem do proces\u00f3w pracy. Samo wdro\u017cenie oprogramowania nie gwarantuje jeszcze realnej poprawy pracy zespo\u0142u. Kluczowe jest odpowiednie dopasowanie narz\u0119dzia [&hellip;]<\/p>\n","protected":false},"author":2,"featured_media":0,"parent":0,"menu_order":0,"comment_status":"closed","ping_status":"closed","template":"","meta":{"footnotes":""},"class_list":["post-556","page","type-page","status-publish","hentry"],"blocksy_meta":[],"_links":{"self":[{"href":"https:\/\/rsolutions.pl\/index.php\/wp-json\/wp\/v2\/pages\/556","targetHints":{"allow":["GET"]}}],"collection":[{"href":"https:\/\/rsolutions.pl\/index.php\/wp-json\/wp\/v2\/pages"}],"about":[{"href":"https:\/\/rsolutions.pl\/index.php\/wp-json\/wp\/v2\/types\/page"}],"author":[{"embeddable":true,"href":"https:\/\/rsolutions.pl\/index.php\/wp-json\/wp\/v2\/users\/2"}],"replies":[{"embeddable":true,"href":"https:\/\/rsolutions.pl\/index.php\/wp-json\/wp\/v2\/comments?post=556"}],"version-history":[{"count":7,"href":"https:\/\/rsolutions.pl\/index.php\/wp-json\/wp\/v2\/pages\/556\/revisions"}],"predecessor-version":[{"id":574,"href":"https:\/\/rsolutions.pl\/index.php\/wp-json\/wp\/v2\/pages\/556\/revisions\/574"}],"wp:attachment":[{"href":"https:\/\/rsolutions.pl\/index.php\/wp-json\/wp\/v2\/media?parent=556"}],"curies":[{"name":"wp","href":"https:\/\/api.w.org\/{rel}","templated":true}]}}