{"id":8,"date":"2025-01-08T00:35:58","date_gmt":"2025-01-08T00:35:58","guid":{"rendered":"https:\/\/rsolutions.com.pl\/?page_id=8"},"modified":"2026-04-09T18:45:09","modified_gmt":"2026-04-09T18:45:09","slug":"o-nas","status":"publish","type":"page","link":"https:\/\/rsolutions.pl\/index.php\/o-nas\/","title":{"rendered":"O nas"},"content":{"rendered":"\n<div style=\"height:100px\" aria-hidden=\"true\" class=\"wp-block-spacer\"><\/div>\n\n\n\n<div class=\"wp-block-columns is-layout-flex wp-container-core-columns-is-layout-28f84493 wp-block-columns-is-layout-flex\">\n<div class=\"wp-block-column feature-box is-layout-flow wp-block-column-is-layout-flow\">\n<figure class=\"wp-block-image aligncenter size-large\"><img loading=\"lazy\" decoding=\"async\" width=\"1024\" height=\"227\" src=\"https:\/\/rsolutions.pl\/wp-content\/uploads\/2026\/03\/rs_transp-1-1024x227.png\" alt=\"\" class=\"wp-image-408\" srcset=\"https:\/\/rsolutions.pl\/wp-content\/uploads\/2026\/03\/rs_transp-1-1024x227.png 1024w, https:\/\/rsolutions.pl\/wp-content\/uploads\/2026\/03\/rs_transp-1-300x67.png 300w, https:\/\/rsolutions.pl\/wp-content\/uploads\/2026\/03\/rs_transp-1-768x170.png 768w, https:\/\/rsolutions.pl\/wp-content\/uploads\/2026\/03\/rs_transp-1.png 1141w\" sizes=\"auto, (max-width: 1024px) 100vw, 1024px\" \/><\/figure>\n<\/div>\n<\/div>\n\n\n\n<div class=\"wp-block-columns is-layout-flex wp-container-core-columns-is-layout-28f84493 wp-block-columns-is-layout-flex\">\n<div class=\"wp-block-column is-layout-flow wp-block-column-is-layout-flow\">\n<p><strong><span style=\"color:#00C2FF;\">RSolutions to biuro projektowe wspieraj\u0105ce firmy przemys\u0142owe w projektowaniu, badaniach, rozwoju i wdra\u017caniu rozwi\u0105za\u0144 in\u017cynierskich. \u0141\u0105czymy do\u015bwiadczenie projektowe z praktycznym podej\u015bciem do proces\u00f3w technicznych, dzi\u0119ki czemu tworzymy rozwi\u0105zania, kt\u00f3re maj\u0105 realn\u0105 warto\u015b\u0107 wdro\u017ceniow\u0105.<\/span><\/strong><\/p>\n\n\n\n<p class=\"has-text-align-left\">Specjalizujemy si\u0119 w projektowaniu element\u00f3w maszyn i urz\u0105dze\u0144, oprzyrz\u0105dowania technologicznego oraz rozwi\u0105za\u0144 przygotowywanych pod konkretne wymagania klienta. Realizujemy zar\u00f3wno prace koncepcyjne, jak i rozw\u00f3j istniej\u0105cych konstrukcji, ich analiz\u0119, optymalizacj\u0119 oraz przygotowanie do wdro\u017cenia.<\/p>\n\n\n\n<p>Wa\u017cnym obszarem naszej dzia\u0142alno\u015bci s\u0105 tak\u017ce <strong>badania i rozw\u00f3j<\/strong>. Wspieramy klient\u00f3w w doskonaleniu produkt\u00f3w, weryfikacji za\u0142o\u017ce\u0144 konstrukcyjnych oraz opracowywaniu nowych rozwi\u0105za\u0144 technicznych, kt\u00f3re odpowiadaj\u0105 na rzeczywiste potrzeby przemys\u0142u. \u0141\u0105czymy podej\u015bcie projektowe z analitycznym spojrzeniem na funkcj\u0119, trwa\u0142o\u015b\u0107, technologi\u0119 wykonania oraz mo\u017cliwo\u015bci wdro\u017cenia.<\/p>\n\n\n\n<p>Nasz\u0105 si\u0142\u0105 jest po\u0142\u0105czenie kompetencji in\u017cynierskich, zaplecza projektowego oraz praktycznego podej\u015bcia do problem\u00f3w technicznych. Dzi\u0119ki temu wspieramy klient\u00f3w nie tylko na etapie tworzenia projektu, ale r\u00f3wnie\u017c w rozwoju produktu, poprawie funkcjonalno\u015bci oraz dostosowaniu rozwi\u0105za\u0144 do warunk\u00f3w pracy i produkcji.<\/p>\n\n\n\n<p>Pracujemy dla firm, kt\u00f3re oczekuj\u0105 konkret\u00f3w: rzetelnego podej\u015bcia, technicznej precyzji oraz rozwi\u0105za\u0144 dopasowanych do rzeczywistych potrzeb przemys\u0142u. Skupiamy si\u0119 na projektach, w kt\u00f3rych liczy si\u0119 nie tylko koncepcja, ale tak\u017ce mo\u017cliwo\u015b\u0107 skutecznego wdro\u017cenia.<\/p>\n\n\n\n<p class=\"has-text-align-left\"><strong><span style=\"color:#00C2FF;\">Tworzymy rozwi\u0105zania in\u017cynierskie od koncepcji, przez badania i rozw\u00f3j, a\u017c po wdro\u017cenie.<\/span><\/strong><\/p>\n<\/div>\n\n\n\n<div class=\"wp-block-column is-layout-flow wp-block-column-is-layout-flow\">\n<div class=\"wp-block-columns is-layout-flex wp-container-core-columns-is-layout-28f84493 wp-block-columns-is-layout-flex\">\n<div class=\"wp-block-column feature-box is-layout-flow wp-block-column-is-layout-flow\">\n<figure class=\"wp-block-image aligncenter size-full\"><img decoding=\"async\" src=\"https:\/\/rsolutions.pl\/wp-content\/uploads\/2026\/03\/design.svg\" alt=\"\" class=\"wp-image-447\"\/><\/figure>\n\n\n\n<hr class=\"wp-block-separator has-alpha-channel-opacity\"\/>\n\n\n\n<h5 class=\"wp-block-heading has-text-align-center\"><span style=\"color:#00C2FF;\">Projektowanie<\/span><\/h5>\n\n\n\n<p class=\"has-text-align-center\">Opracowujemy rozwi\u0105zania konstrukcyjne dla maszyn, urz\u0105dze\u0144 i oprzyrz\u0105dowania technicznego, dopasowane do wymaga\u0144 projektu oraz warunk\u00f3w pracy.<br><\/p>\n<\/div>\n\n\n\n<div class=\"wp-block-column feature-box is-layout-flow wp-block-column-is-layout-flow\">\n<figure class=\"wp-block-image aligncenter size-full\"><img decoding=\"async\" src=\"https:\/\/rsolutions.pl\/wp-content\/uploads\/2026\/03\/reserch.svg\" alt=\"\" class=\"wp-image-448\"\/><\/figure>\n\n\n\n<hr class=\"wp-block-separator has-alpha-channel-opacity\"\/>\n\n\n\n<h5 class=\"wp-block-heading has-text-align-center\"><span style=\"color:#00C2FF;\">Badania i rozw\u00f3j<\/span><\/h5>\n\n\n\n<p class=\"has-text-align-center\">Wspieramy rozw\u00f3j produkt\u00f3w i nowych rozwi\u0105za\u0144 technicznych przez analiz\u0119, weryfikacj\u0119 za\u0142o\u017ce\u0144 projektowych oraz optymalizacj\u0119 konstrukcji.<br><\/p>\n<\/div>\n\n\n\n<div class=\"wp-block-column feature-box is-layout-flow wp-block-column-is-layout-flow\">\n<figure class=\"wp-block-image aligncenter size-full\"><img decoding=\"async\" src=\"https:\/\/rsolutions.pl\/wp-content\/uploads\/2026\/03\/wdr.svg\" alt=\"\" class=\"wp-image-449\"\/><\/figure>\n\n\n\n<hr class=\"wp-block-separator has-alpha-channel-opacity\"\/>\n\n\n\n<h5 class=\"wp-block-heading has-text-align-center\"><span style=\"color:#00C2FF;\">Wdro\u017cenie<\/span><\/h5>\n\n\n\n<p class=\"has-text-align-center\">Projektujemy z my\u015bl\u0105 o praktycznym zastosowaniu, dlatego uwzgl\u0119dniamy realia produkcyjne, monta\u017cowe i eksploatacyjne ju\u017c na etapie prac projektowych.<br><\/p>\n<\/div>\n<\/div>\n\n\n\n<div style=\"height:100px\" aria-hidden=\"true\" class=\"wp-block-spacer\"><\/div>\n\n\n\n<hr class=\"wp-block-separator has-alpha-channel-opacity is-style-wide\"\/>\n\n\n\n<p class=\"has-text-align-center\">Szukasz partnera do projektu, rozwoju produktu lub wsparcia technicznego?<br><\/p>\n\n\n\n<div class=\"wp-block-buttons alignwide is-content-justification-center is-layout-flex wp-container-core-buttons-is-layout-a89b3969 wp-block-buttons-is-layout-flex\">\n<div class=\"wp-block-button\"><a class=\"wp-block-button__link wp-element-button\" href=\"mailto:biuro@rsolutions.pl\">Napisz do nas<\/a><\/div>\n<\/div>\n\n\n\n<hr class=\"wp-block-separator has-alpha-channel-opacity is-style-wide\"\/>\n<\/div>\n<\/div>\n\n\n\n<div style=\"height:101px\" aria-hidden=\"true\" class=\"wp-block-spacer\"><\/div>\n\n\n\n<p><\/p>\n","protected":false},"excerpt":{"rendered":"<p>RSolutions to biuro projektowe wspieraj\u0105ce firmy przemys\u0142owe w projektowaniu, badaniach, rozwoju i wdra\u017caniu rozwi\u0105za\u0144 in\u017cynierskich. \u0141\u0105czymy do\u015bwiadczenie projektowe z praktycznym podej\u015bciem do proces\u00f3w technicznych, dzi\u0119ki czemu tworzymy rozwi\u0105zania, kt\u00f3re maj\u0105 realn\u0105 warto\u015b\u0107 wdro\u017ceniow\u0105. Specjalizujemy si\u0119 w projektowaniu element\u00f3w maszyn i urz\u0105dze\u0144, oprzyrz\u0105dowania technologicznego oraz rozwi\u0105za\u0144 przygotowywanych pod konkretne wymagania klienta. Realizujemy zar\u00f3wno prace koncepcyjne, jak [&hellip;]<\/p>\n","protected":false},"author":2,"featured_media":0,"parent":0,"menu_order":0,"comment_status":"closed","ping_status":"closed","template":"","meta":{"footnotes":""},"class_list":["post-8","page","type-page","status-publish","hentry"],"blocksy_meta":[],"_links":{"self":[{"href":"https:\/\/rsolutions.pl\/index.php\/wp-json\/wp\/v2\/pages\/8","targetHints":{"allow":["GET"]}}],"collection":[{"href":"https:\/\/rsolutions.pl\/index.php\/wp-json\/wp\/v2\/pages"}],"about":[{"href":"https:\/\/rsolutions.pl\/index.php\/wp-json\/wp\/v2\/types\/page"}],"author":[{"embeddable":true,"href":"https:\/\/rsolutions.pl\/index.php\/wp-json\/wp\/v2\/users\/2"}],"replies":[{"embeddable":true,"href":"https:\/\/rsolutions.pl\/index.php\/wp-json\/wp\/v2\/comments?post=8"}],"version-history":[{"count":26,"href":"https:\/\/rsolutions.pl\/index.php\/wp-json\/wp\/v2\/pages\/8\/revisions"}],"predecessor-version":[{"id":680,"href":"https:\/\/rsolutions.pl\/index.php\/wp-json\/wp\/v2\/pages\/8\/revisions\/680"}],"wp:attachment":[{"href":"https:\/\/rsolutions.pl\/index.php\/wp-json\/wp\/v2\/media?parent=8"}],"curies":[{"name":"wp","href":"https:\/\/api.w.org\/{rel}","templated":true}]}}